{"id":5366,"date":"2021-09-30T16:16:57","date_gmt":"2021-09-30T15:16:57","guid":{"rendered":"https:\/\/www.adriafer.com\/optiyard\/"},"modified":"2021-09-30T16:17:41","modified_gmt":"2021-09-30T15:17:41","slug":"optiyard","status":"publish","type":"page","link":"https:\/\/www.adriafer.com\/en\/optiyard\/","title":{"rendered":"OptiYard"},"content":{"rendered":"\n<div class=\"wp-block-cover\"><img loading=\"lazy\" decoding=\"async\" width=\"1290\" height=\"696\" class=\"wp-block-cover__image-background wp-image-1909\" alt=\"\" src=\"http:\/\/www.adriafer.com\/wp-content\/uploads\/2021\/03\/Opti-Yard-1.jpg\" data-object-fit=\"cover\" srcset=\"https:\/\/www.adriafer.com\/wp-content\/uploads\/2021\/03\/Opti-Yard-1.jpg 1290w, https:\/\/www.adriafer.com\/wp-content\/uploads\/2021\/03\/Opti-Yard-1-300x162.jpg 300w, https:\/\/www.adriafer.com\/wp-content\/uploads\/2021\/03\/Opti-Yard-1-1024x552.jpg 1024w, https:\/\/www.adriafer.com\/wp-content\/uploads\/2021\/03\/Opti-Yard-1-768x414.jpg 768w\" sizes=\"auto, (max-width: 1290px) 100vw, 1290px\" \/><div class=\"wp-block-cover__inner-container is-layout-flow wp-block-cover-is-layout-flow\">\n<p class=\"has-text-align-center has-large-font-size\"><\/p>\n<\/div><\/div>\n\n<h1 class=\"has-text-align-center wp-block-heading\">OptiYard<br\/>Optimised Real-time Yard and Network Management<\/h1>\n\n<div class=\"wp-block-columns is-layout-flex wp-container-core-columns-is-layout-28f84493 wp-block-columns-is-layout-flex\">\n<div class=\"wp-block-column has-background is-layout-flow wp-block-column-is-layout-flow\" style=\"background-color:#bbc0d4;flex-basis:33.33%\">\n<p class=\"has-palette-color-5-color has-text-color has-background\" style=\"background-color:#bbc0d4\"><strong>PROJECT ID:<\/strong><\/p>\n\n\n<style>#kt-layout-id_f30931-8a > .kt-row-column-wrap{align-content:start;}:where(#kt-layout-id_f30931-8a > .kt-row-column-wrap) > .wp-block-kadence-column{justify-content:start;}#kt-layout-id_f30931-8a > .kt-row-column-wrap{column-gap:var(--global-kb-gap-md, 2rem);row-gap:var(--global-kb-gap-md, 2rem);padding-top:var( --global-kb-row-default-top, 25px );padding-bottom:var( --global-kb-row-default-bottom, 25px );padding-top:0px;padding-bottom:0px;grid-template-columns:minmax(0, 1fr);}#kt-layout-id_f30931-8a > .kt-row-layout-overlay{opacity:0.30;}@media all and (max-width: 1024px){#kt-layout-id_f30931-8a > .kt-row-column-wrap{grid-template-columns:minmax(0, 1fr);}}@media all and (max-width: 767px){#kt-layout-id_f30931-8a > .kt-row-column-wrap{grid-template-columns:minmax(0, 1fr);}}<\/style>\n<div class=\"wp-block-kadence-rowlayout alignnone\"><div id=\"kt-layout-id_f30931-8a\" class=\"kt-row-layout-inner kt-layout-id_f30931-8a\"><div class=\"kt-row-column-wrap kt-has-1-columns kt-gutter-default kt-v-gutter-default kt-row-valign-top kt-row-layout-equal kt-tab-layout-inherit kt-m-colapse-left-to-right kt-mobile-layout-row\"><style>.kadence-column_add084-59 > .kt-inside-inner-col{padding-bottom:20px;padding-left:30px;padding-right:10px;}.kadence-column_add084-59 > .kt-inside-inner-col{border-top-width:0px;border-right-width:0px;border-bottom-width:0px;border-left-width:0px;}.kadence-column_add084-59 > .kt-inside-inner-col,.kadence-column_add084-59 > .kt-inside-inner-col:before{border-top-left-radius:0px;border-top-right-radius:0px;border-bottom-right-radius:0px;border-bottom-left-radius:0px;}.kadence-column_add084-59 > .kt-inside-inner-col{column-gap:var(--global-kb-gap-sm, 1rem);}.kadence-column_add084-59 > .kt-inside-inner-col{flex-direction:column;}.kadence-column_add084-59 > .kt-inside-inner-col > .aligncenter{width:100%;}.kadence-column_add084-59 > .kt-inside-inner-col:before{opacity:0.3;}.kadence-column_add084-59{position:relative;}.wp-block-kadence-column.kadence-column_add084-59 > .kt-inside-inner-col{margin-right:10px;margin-left:10px;}@media all and (max-width: 1024px){.kadence-column_add084-59 > .kt-inside-inner-col{flex-direction:column;justify-content:center;}}@media all and (max-width: 767px){.kadence-column_add084-59 > .kt-inside-inner-col{flex-direction:column;justify-content:center;}}<\/style>\n<div class=\"wp-block-kadence-column inner-column-1 kadence-column_add084-59\"><div class=\"kt-inside-inner-col\">\n<figure class=\"wp-block-image size-full is-style-default\"><img loading=\"lazy\" decoding=\"async\" width=\"302\" height=\"201\" src=\"http:\/\/www.adriafer.com\/wp-content\/uploads\/2021\/03\/optiyard.png\" alt=\"\" class=\"wp-image-2075\" srcset=\"https:\/\/www.adriafer.com\/wp-content\/uploads\/2021\/03\/optiyard.png 302w, https:\/\/www.adriafer.com\/wp-content\/uploads\/2021\/03\/optiyard-300x200.png 300w\" sizes=\"auto, (max-width: 302px) 100vw, 302px\" \/><\/figure>\n\n\n\n<p><\/p>\n<\/div><\/div>\n<\/div><\/div><\/div>\n\n\n\n<p class=\"has-palette-color-5-color has-text-color has-background\" style=\"background-color:#bbc0d4\"><strong><strong>PROJECT TITLE:<\/strong><br\/><span class=\"has-inline-color has-palette-color-1-color\">OptiYard<\/span> <\/strong><br\/><br\/><strong>CLIENT \/ FUNDING ENTITY:<\/strong><\/p>\n\n\n<style>#kt-layout-id_8f672c-94 > .kt-row-column-wrap{align-content:start;}:where(#kt-layout-id_8f672c-94 > .kt-row-column-wrap) > .wp-block-kadence-column{justify-content:start;}#kt-layout-id_8f672c-94 > .kt-row-column-wrap{column-gap:var(--global-kb-gap-md, 2rem);row-gap:var(--global-kb-gap-md, 2rem);padding-top:var( --global-kb-row-default-top, 25px );padding-bottom:var( --global-kb-row-default-bottom, 25px );padding-top:0px;grid-template-columns:minmax(0, 1fr);}#kt-layout-id_8f672c-94 > .kt-row-layout-overlay{opacity:0.30;}@media all and (max-width: 1024px){#kt-layout-id_8f672c-94 > .kt-row-column-wrap{grid-template-columns:minmax(0, 1fr);}}@media all and (max-width: 767px){#kt-layout-id_8f672c-94 > .kt-row-column-wrap{grid-template-columns:minmax(0, 1fr);}}<\/style>\n<div class=\"wp-block-kadence-rowlayout alignnone\"><div id=\"kt-layout-id_8f672c-94\" class=\"kt-row-layout-inner kt-layout-id_8f672c-94\"><div class=\"kt-row-column-wrap kt-has-1-columns kt-gutter-default kt-v-gutter-default kt-row-valign-top kt-row-layout-equal kt-tab-layout-inherit kt-m-colapse-left-to-right kt-mobile-layout-row\"><style>.kadence-column_dc4eca-df > .kt-inside-inner-col{padding-bottom:20px;padding-left:30px;padding-right:10px;}.kadence-column_dc4eca-df > .kt-inside-inner-col{border-top-width:0px;border-right-width:0px;border-bottom-width:0px;border-left-width:0px;}.kadence-column_dc4eca-df > .kt-inside-inner-col,.kadence-column_dc4eca-df > .kt-inside-inner-col:before{border-top-left-radius:0px;border-top-right-radius:0px;border-bottom-right-radius:0px;border-bottom-left-radius:0px;}.kadence-column_dc4eca-df > .kt-inside-inner-col{column-gap:var(--global-kb-gap-sm, 1rem);}.kadence-column_dc4eca-df > .kt-inside-inner-col{flex-direction:column;}.kadence-column_dc4eca-df > .kt-inside-inner-col > .aligncenter{width:100%;}.kadence-column_dc4eca-df > .kt-inside-inner-col:before{opacity:0.3;}.kadence-column_dc4eca-df{position:relative;}.wp-block-kadence-column.kadence-column_dc4eca-df > .kt-inside-inner-col{margin-right:10px;margin-left:10px;}@media all and (max-width: 1024px){.kadence-column_dc4eca-df > .kt-inside-inner-col{flex-direction:column;justify-content:center;}}@media all and (max-width: 767px){.kadence-column_dc4eca-df > .kt-inside-inner-col{flex-direction:column;justify-content:center;}}<\/style>\n<div class=\"wp-block-kadence-column inner-column-1 kadence-column_dc4eca-df\"><div class=\"kt-inside-inner-col\">\n<figure class=\"wp-block-image size-full is-style-default\"><img loading=\"lazy\" decoding=\"async\" width=\"302\" height=\"90\" src=\"http:\/\/www.adriafer.com\/wp-content\/uploads\/2021\/03\/shift2rail.png\" alt=\"\" class=\"wp-image-2078\" srcset=\"https:\/\/www.adriafer.com\/wp-content\/uploads\/2021\/03\/shift2rail.png 302w, https:\/\/www.adriafer.com\/wp-content\/uploads\/2021\/03\/shift2rail-300x89.png 300w\" sizes=\"auto, (max-width: 302px) 100vw, 302px\" \/><\/figure>\n<\/div><\/div>\n<\/div><\/div><\/div>\n\n\n\n<p class=\"has-palette-color-5-color has-text-color has-background\" style=\"background-color:#bbc0d4\"><strong>DATE<\/strong><br\/><span class=\"has-inline-color has-palette-color-1-color\">January 2017 &#8211; December 2019<\/span><br\/><br\/><strong>PROJECT VALUE:<\/strong><br\/><span class=\"has-inline-color has-palette-color-1-color\">\u20ac1 499 900,00<\/span> <\/p>\n<\/div>\n\n\n\n<div class=\"wp-block-column is-layout-flow wp-block-column-is-layout-flow\" style=\"flex-basis:66.66%\">\n<p>OptiYard&#8217;s primary goal is to improve service capacity and reliability by focusing on yard operations, specifically by providing an optimized decision support system for yard managers.<\/p>\n\n\n\n<p>The project will be concerned with defining optimized processes for the management of marshalling yards and terminals, considering their interaction with the network. The processes considered are those that must be executed in real time, to ensure on-time delivery and operational efficiency, for single wagon transportation.<\/p>\n\n\n\n<p>OptiYard targets critical operational points in the transportation chain (both rail marshalling stations and transfer points to other modalities) to improve the capacity and reliability of operations. Most importantly, these improvements will increase competitiveness while increasing service reliability and customer satisfaction by providing accurate, up-to-date information. Real-time interaction between the yard and network information systems will enable software-based planning and, ultimately, optimization of single-wagon and full-train operational processes.<\/p>\n\n\n\n<p>If rail is to play an increasingly important role in sustainable freight transport in Europe, the freight network will need to provide greater connectivity between key EU transport corridors, and therefore there will be a need to manage an increasing number of train movements and shunting operations through freight marshalling yards in strategic locations.<br\/>The lack of full integration between yard and network is a real weakness, which increases as more real-time data becomes available<br\/>OptiYard will provide better decision support that can be directly applied to achieving greater plant capacity and efficiency.<\/p>\n\n\n\n<p>13 partner:<\/p>\n\n\n\n<p>France: Union Internationale des Chemins de fer, Institut fran\u00e7ais des sciences et technologies des transports, de l&#8217;am\u00e9nagement et des r\u00e9seaux.<\/p>\n\n\n\n<p>Germany: EURNEX e. V., Technische Universitaet Dresden.<\/p>\n\n\n\n<p>Italy: Adriafer, SAPIENZA University of Rome<\/p>\n\n\n\n<p>Belgium: Union Internationale pour le transport combin\u00e9 Rail-Route, NEW OPERA AISBL.<\/p>\n\n\n\n<p>Czech Republic: CD cargo a.s., Oltis Group.<\/p>\n\n\n\n<p>United Kingdom: University of Newcastle Upon Tyne, University of Leeds.<\/p>\n\n\n\n<p>Slovakia: Simcon.<\/p>\n<\/div>\n<\/div>\n\n<div style=\"height:100px\" aria-hidden=\"true\" class=\"wp-block-spacer\"><\/div>\n","protected":false},"excerpt":{"rendered":"<p>OptiYardOptimised Real-time Yard and Network Management PROJECT ID: PROJECT TITLE:OptiYard CLIENT \/ FUNDING ENTITY: DATEJanuary 2017 &#8211; December 2019 PROJECT VALUE:\u20ac1 499 900,00 OptiYard&#8217;s primary goal is to improve service capacity and reliability by focusing on yard operations, specifically by providing an optimized decision support system for yard managers. The project will be concerned with [&hellip;]<\/p>\n","protected":false},"author":4,"featured_media":0,"parent":0,"menu_order":0,"comment_status":"closed","ping_status":"closed","template":"","meta":{"footnotes":""},"class_list":["post-5366","page","type-page","status-publish","hentry"],"blocksy_meta":{"styles_descriptor":{"styles":{"desktop":"","tablet":"","mobile":""},"google_fonts":[],"version":6}},"_links":{"self":[{"href":"https:\/\/www.adriafer.com\/en\/wp-json\/wp\/v2\/pages\/5366","targetHints":{"allow":["GET"]}}],"collection":[{"href":"https:\/\/www.adriafer.com\/en\/wp-json\/wp\/v2\/pages"}],"about":[{"href":"https:\/\/www.adriafer.com\/en\/wp-json\/wp\/v2\/types\/page"}],"author":[{"embeddable":true,"href":"https:\/\/www.adriafer.com\/en\/wp-json\/wp\/v2\/users\/4"}],"replies":[{"embeddable":true,"href":"https:\/\/www.adriafer.com\/en\/wp-json\/wp\/v2\/comments?post=5366"}],"version-history":[{"count":3,"href":"https:\/\/www.adriafer.com\/en\/wp-json\/wp\/v2\/pages\/5366\/revisions"}],"predecessor-version":[{"id":5371,"href":"https:\/\/www.adriafer.com\/en\/wp-json\/wp\/v2\/pages\/5366\/revisions\/5371"}],"wp:attachment":[{"href":"https:\/\/www.adriafer.com\/en\/wp-json\/wp\/v2\/media?parent=5366"}],"curies":[{"name":"wp","href":"https:\/\/api.w.org\/{rel}","templated":true}]}}